{"id":1069,"date":"2021-01-30T14:53:12","date_gmt":"2021-01-30T13:53:12","guid":{"rendered":"http:\/\/location-ile-oleron.com\/?page_id=1069"},"modified":"2026-04-26T17:51:32","modified_gmt":"2026-04-26T15:51:32","slug":"contacts-et-liens","status":"publish","type":"page","link":"https:\/\/location-ile-oleron.com\/index.php\/contacts-et-liens\/","title":{"rendered":"Contacts et Liens"},"content":{"rendered":"\n<figure class=\"wp-block-table is-style-regular has-medium-font-size\"><table class=\"has-fixed-layout\"><tbody><tr><td><br><strong>Fran\u00e7oise et Michel<br><br>t\u00e9l. : 06 77 16 90 22<\/strong><br><br><\/td><td class=\"has-text-align-center\" data-align=\"center\"><strong>CONTACTEZ-NOUS<\/strong><br> <img decoding=\"async\" src=\"http:\/\/location-ile-oleron.com\/wp-content\/uploads\/2021\/01\/contactez-nous.png\" alt=\"contactez-nous\"><br><a href=\"mailto:fmrx17@gmail.com\" target=\"_blank\" rel=\"noreferrer noopener\">fmrx17@gmail.com<\/a><\/td><\/tr><\/tbody><\/table><\/figure>\n\n\n\n<h3 class=\"wp-block-heading has-text-align-center has-blue-color has-text-color has-background\" style=\"background-color:#cbeefd;font-style:normal;font-weight:400;text-transform:uppercase\"><em><strong>D\u00e9couvrez ci-dessous les activit\u00e9s et les sites remarquables<\/strong><\/em><br><em><strong>de l&rsquo;ile d&rsquo;Ol\u00e9ron<\/strong><\/em><\/h3>\n\n\n\n<h1 class=\"wp-block-heading\"><strong><em>LIENS UTILES<\/em><\/strong> :<\/h1>\n\n\n\n<ul class=\"wp-block-list\">\n<li><a rel=\"noreferrer noopener\" href=\"https:\/\/https:\/\/www.ile-oleron-marennes.com\/decouvrir\" target=\"_blank\"><span class=\"has-inline-color has-blue-color\">d<\/span><\/a><a rel=\"noreferrer noopener\" href=\"https:\/\/\/www.ile-oleron-marennes.com\/decouvrir\" target=\"_blank\"><span class=\"has-inline-color has-blue-color\">\u00e9couvrir l\u2019Ile d\u2019OLERON<\/span><\/a><\/li>\n\n\n\n<li><a rel=\"noreferrer noopener\" href=\"https:\/\/www.ile-oleron-marennes.com\/decouvrir\/l-ile-d-oleron-et-le-bassin-de-marennes\/l-ile-d-oleron\/saint-denis-d-oleron\" target=\"_blank\"><span class=\"has-inline-color has-blue-color\">Saint Denis d&rsquo;Ol\u00e9ron<\/span><\/a><\/li>\n\n\n\n<li><a href=\"https:\/\/app.avizi.fr\/fichiers\/preview\/63e26d2432d82\/13964-1530\" target=\"_blank\" rel=\"noopener\" title=\"\">Plan de Saint Denis d&rsquo;Ol\u00e9ron<\/a><\/li>\n\n\n\n<li><a rel=\"noreferrer noopener\" href=\"https:\/\/chassiron.jimdo.com\/\" target=\"_blank\"><span class=\"has-inline-color has-blue-color\">Phare de Chassiron<\/span><\/a><\/li>\n\n\n\n<li><a href=\"https:\/\/www.aqua-cote.fr\/longe-cote-avec-lasd-a-saint-denis-doleron-264\" data-type=\"URL\" data-id=\"https:\/\/www.aqua-cote.fr\/longe-cote-avec-lasd-a-saint-denis-doleron-264\" target=\"_blank\" rel=\"noreferrer noopener\">Longe C\u00f4te avec l&rsquo;ASD \u00e0 Saint Denis d\u2019Ol\u00e9ron<\/a><\/li>\n\n\n\n<li><a rel=\"noreferrer noopener\" href=\"https:\/\/www.ile-oleron-marennes.com\/brochures\" target=\"_blank\">Brochures et cartes touristiques<\/a><\/li>\n\n\n\n<li><a href=\"https:\/\/www.cdc-oleron.com\/vivre-et-habiter\/deplacements\/navettes-estivales\/\" title=\"Navettes Estivales gratuites\">Navettes Estivales gratuites<\/a><\/li>\n\n\n\n<li><a href=\"https:\/\/www.ile-oleron-marennes.com\/preparer-mes-vacances\/quoi-faire\/locations-de-velos\" target=\"_blank\" rel=\"noopener\" title=\"\"><span style=\"background-color:rgba(0, 0, 0, 0)\" class=\"has-inline-color has-blue-color\">Location de v\u00e9los<\/span><\/a><\/li>\n\n\n\n<li><a href=\"https:\/\/www.cdc-oleron.com\/wp-content\/uploads\/2020\/09\/Deplacement_Carte_Pistes_cyclables_sept_2020.pdf\" target=\"_blank\" rel=\"noopener\" title=\"\"><span style=\"background-color:rgba(0, 0, 0, 0)\" class=\"has-inline-color has-blue-color\">Pistes cyclables<\/span><\/a><\/li>\n\n\n\n<li><a href=\"https:\/\/www.diabolofun.com\/\">\u00c9cole de Surf-Paddle-Wind aux Huttes<\/a><\/li>\n\n\n\n<li><a rel=\"noreferrer noopener\" href=\"https:\/\/www.ile-oleron-marennes.com\/preparer-mes-vacances\/manifestations\" target=\"_blank\"><span class=\"has-inline-color has-blue-color\">Agenda des Manifestations sur l\u2019\u00eele<\/span><\/a><\/li>\n\n\n\n<li><a href=\"https:\/\/www.ile-oleron-marennes.com\/webcams\" target=\"_blank\" rel=\"noopener\" title=\"\"><span style=\"background-color:rgba(0, 0, 0, 0)\" class=\"has-inline-color has-blue-color\">La m\u00e9t\u00e9o en live&nbsp;avec les webcams de l\u2019\u00eele<\/span><\/a><\/li>\n\n\n\n<li><a rel=\"noreferrer noopener\" href=\"http:\/\/adc-lfc.asso-web.com\/\" target=\"_blank\"><span class=\"has-inline-color has-blue-color\">Amicale de Chaucre &amp;&nbsp;le&nbsp;Four Chaucrin<\/span><\/a><\/li>\n\n\n\n<li><a rel=\"noreferrer noopener\" href=\"http:\/\/www.oleron-infos.fr\/carte-des-pistes-cyclables-de-l-ile-d-oleron-12-40-85.html\" target=\"_blank\"><span class=\"has-inline-color has-blue-color\">Pistes cyclables et Sports Nautiques<\/span><\/a><\/li>\n\n\n\n<li><a rel=\"noreferrer noopener\" href=\"http:\/\/maree.info\/159\" target=\"_blank\"><span class=\"has-inline-color has-blue-color\">Horaires des Mar\u00e9es \u00e0 St Denis d\u2019Ol\u00e9ron<\/span><\/a><\/li>\n\n\n\n<li><a rel=\"noreferrer noopener\" href=\"http:\/\/marine.meteoconsult.fr\/meteo-marine\/bulletin-detaille\/spot-de-glisse-500\/previsions-meteo-saint-denis-d-oleron-aujourdhui\" target=\"_blank\"><span class=\"has-inline-color has-blue-color\">M\u00e9t\u00e9o Marine de Saint Denis d&rsquo;Ol\u00e9ron<\/span><\/a><\/li>\n\n\n\n<li><a rel=\"noreferrer noopener\" href=\"http:\/\/www.out-rage.com\/\" target=\"_blank\"><span class=\"has-inline-color has-blue-color\">P\u00eache en Mer<\/span><\/a><\/li>\n\n\n\n<li><a href=\"https:\/\/www.marais-aux-oiseaux.fr\/\" target=\"_blank\" rel=\"noreferrer noopener\"><span style=\"background-color:rgba(0, 0, 0, 0)\" class=\"has-inline-color has-blue-color\">Le Marais aux Oiseaux<\/span><\/a><\/li>\n\n\n\n<li><a href=\"https:\/\/parc-myocastors.com\/\" target=\"_blank\" rel=\"noopener\" title=\"Le Parc des Myocastors\">Le Parc des Myocastors<\/a><\/li>\n\n\n\n<li><a rel=\"noreferrer noopener\" href=\"http:\/\/www.poles-nature.fr\/\" target=\"_blank\"><span class=\"has-inline-color has-blue-color\">Les incontournables de Charente Maritime<\/span><\/a><\/li>\n\n\n\n<li><a href=\"http:\/\/www.inter-iles.com\/\" target=\"_blank\" rel=\"noreferrer noopener\"><mark style=\"background-color:rgba(0, 0, 0, 0)\" class=\"has-inline-color has-blue-color\">Croisi\u00e8res Inter \u00eeles \u2013 Liaison La Rochelle \/ Boyardville<\/mark><\/a><\/li>\n\n\n\n<li><a href=\"http:\/\/location-ile-oleron.com\/wp-content\/uploads\/2022\/11\/cypres_sculpte.pdf\" target=\"_blank\" rel=\"noopener\" title=\"La seconde vie du cypr\u00e8s de Chaucre\">La seconde vie du cypr\u00e8s de Chaucre<\/a><\/li>\n<\/ul>\n\n\n\n<p><\/p>\n","protected":false},"excerpt":{"rendered":"<p>Fran\u00e7oise et Michel t\u00e9l. : 06 77 16 90 22 CONTACTEZ-NOUS fmrx17@gmail.com D\u00e9couvrez ci-dessous les activit\u00e9s et les sites remarquablesde l&rsquo;ile d&rsquo;Ol\u00e9ron LIENS UTILES :<\/p>\n","protected":false},"author":1,"featured_media":0,"parent":0,"menu_order":0,"comment_status":"closed","ping_status":"closed","template":"onecolumn-page.php","meta":{"om_disable_all_campaigns":false,"_uf_show_specific_survey":0,"_uf_disable_surveys":false,"ngg_post_thumbnail":0,"footnotes":""},"class_list":["post-1069","page","type-page","status-publish","hentry"],"aioseo_notices":[],"_links":{"self":[{"href":"https:\/\/location-ile-oleron.com\/index.php\/wp-json\/wp\/v2\/pages\/1069","targetHints":{"allow":["GET"]}}],"collection":[{"href":"https:\/\/location-ile-oleron.com\/index.php\/wp-json\/wp\/v2\/pages"}],"about":[{"href":"https:\/\/location-ile-oleron.com\/index.php\/wp-json\/wp\/v2\/types\/page"}],"author":[{"embeddable":true,"href":"https:\/\/location-ile-oleron.com\/index.php\/wp-json\/wp\/v2\/users\/1"}],"replies":[{"embeddable":true,"href":"https:\/\/location-ile-oleron.com\/index.php\/wp-json\/wp\/v2\/comments?post=1069"}],"version-history":[{"count":48,"href":"https:\/\/location-ile-oleron.com\/index.php\/wp-json\/wp\/v2\/pages\/1069\/revisions"}],"predecessor-version":[{"id":2346,"href":"https:\/\/location-ile-oleron.com\/index.php\/wp-json\/wp\/v2\/pages\/1069\/revisions\/2346"}],"wp:attachment":[{"href":"https:\/\/location-ile-oleron.com\/index.php\/wp-json\/wp\/v2\/media?parent=1069"}],"curies":[{"name":"wp","href":"https:\/\/api.w.org\/{rel}","templated":true}]}}