{"id":48,"date":"2020-06-23T02:03:03","date_gmt":"2020-06-23T00:03:03","guid":{"rendered":"http:\/\/location-ile-oleron.com\/?page_id=48"},"modified":"2025-01-04T10:56:30","modified_gmt":"2025-01-04T09:56:30","slug":"maison-passiflore","status":"publish","type":"page","link":"https:\/\/location-ile-oleron.com\/index.php\/maison-passiflore\/","title":{"rendered":"maison PASSIFLORE"},"content":{"rendered":"\n<h1 class=\"wp-block-heading has-text-align-center has-medium-font-size\"><strong>pr\u00e8s de plages magnifiques<br>au lieu-dit Les Huttes<\/strong><br><strong>\u00e0 350 m du bord de mer<\/strong><\/h1>\n\n\n\n<h2 class=\"wp-block-heading has-text-align-center has-medium-font-size\"><em>Meubl\u00e9 de Tourisme Class\u00e9 4****<\/em><br><em>D\u00e9co soign\u00e9e,<\/em> <em>pour 2 personnes<\/em><br><em>Ch\u00e8ques Vacances accept\u00e9s<\/em><br><em>acc\u00e8s Internet WIFI<\/em><\/h2>\n\n\n<div class=\"wp-block-image\">\n<figure class=\"aligncenter size-full\"><img loading=\"lazy\" decoding=\"async\" width=\"650\" height=\"70\" src=\"http:\/\/location-ile-oleron.com\/wp-content\/uploads\/2021\/11\/8_pictos_NEW-1.png\" alt=\"\" class=\"wp-image-1558\" srcset=\"https:\/\/location-ile-oleron.com\/wp-content\/uploads\/2021\/11\/8_pictos_NEW-1.png 650w, https:\/\/location-ile-oleron.com\/wp-content\/uploads\/2021\/11\/8_pictos_NEW-1-300x32.png 300w\" sizes=\"auto, (max-width: 650px) 100vw, 650px\" \/><\/figure><\/div>\n\n\n<div class=\"wp-block-columns is-layout-flex wp-container-core-columns-is-layout-9d6595d7 wp-block-columns-is-layout-flex\">\n<div class=\"wp-block-column is-vertically-aligned-center is-layout-flow wp-block-column-is-layout-flow\" style=\"flex-basis:65%\"><p class=\"fonts-plugin-block \" style=\"font-family: calibri;font-weight: normal;font-size: 20px;line-height: 1.4;text-align: center\"> <br>Situ\u00e9 dans une r\u00e9sidence tr\u00e8s calme,<br>ferm\u00e9e &amp; s\u00e9curis\u00e9e<br>Avec un jardinet fleuri bord\u00e9 de haies<br>et une cour close de murs sans vis-\u00e0-vis<br>Garage ferm\u00e9 + parking priv\u00e9 + local v\u00e9los<br>Environnement agr\u00e9able \u00e0 350 m de l\u2019oc\u00e9an<br>tout pr\u00e8s de plages magnifiques<br>bord\u00e9es de dunes sauvages et pr\u00e9serv\u00e9es<br>Pistes cyclables au pied de la r\u00e9sidence<br>pour sillonner l&rsquo;ile.<\/p><\/div>\n\n\n\n<div class=\"wp-block-column is-vertically-aligned-center is-layout-flow wp-block-column-is-layout-flow\" style=\"flex-basis:35%\">\n<div id=\"ConstellationCalendarContainer80975baf-3567-40d5-8a33-99d79af5d530\" style=\"width:100%; text-align:center;\" title=\"Maison Passiflore\" data-id-projet=\"80975baf356740d58a3399d79af5d530\">Chargement en cours&#8230;<\/div><script type=\"text\/javascript\" src=\"https:\/\/reservation.elloha.com\/Scripts\/widget-loader.min.js?v=42\"><\/script><script type=\"text\/javascript\">var constellationWidgetUrl80975baf356740d58a3399d79af5d530, constellationTypeModule80975baf356740d58a3399d79af5d530; constellationWidgetUrl80975baf356740d58a3399d79af5d530 = 'https:\/\/reservation.elloha.com\/Widget\/BookingCalendar\/80975baf-3567-40d5-8a33-99d79af5d530?idoi=0bfa48e2-0529-4050-adc9-add517219482'; constellationTypeModule80975baf356740d58a3399d79af5d530=2; constellationBookingCalendarLoad('ConstellationCalendarContainer80975baf-3567-40d5-8a33-99d79af5d530'); constellationWidgetAddEvent(window, \"resize\", function () { constellationWidgetSetAppearance('ConstellationCalendarContainer80975baf-3567-40d5-8a33-99d79af5d530'); });<\/script>\n<\/div>\n<\/div>\n\n\n\n<p class=\"has-text-align-center has-medium-font-size\"><strong><em>Descriptif de la Maison :<\/em><\/strong><\/p>\n\n\n\n<div class=\"wp-block-buttons is-layout-flex wp-block-buttons-is-layout-flex\">\n<div class=\"wp-block-button has-custom-font-size is-style-outline has-medium-font-size is-style-outline--1\"><a class=\"wp-block-button__link wp-element-button\"><strong><em>tout de plain-pied<\/em><\/strong><\/a><\/div>\n<\/div>\n\n\n\n<ul class=\"wp-block-list\">\n<li>s\u00e9jour de 27 m\u00b2 avec canap\u00e9 et fauteuil, TV HD, cha\u00eene HiFi<\/li>\n\n\n\n<li>cuisine am\u00e9ricaine : r\u00e9frig\u00e9rateur-cong\u00e9lateur, table de cuisson induction, hotte, four, micro-onde, lave-vaisselle, bouilloire, cafeti\u00e8re filtre, cafeti\u00e8re \u00e0 Expresso Tassimo, grille-pain \u2026<\/li>\n\n\n\n<li>1 chambre spacieuse avec 1 lit de 160\u00d7200 \u00ab\u00a0Queen size\u00a0\u00bb, 2 chevets et 1 armoire-penderie<\/li>\n\n\n\n<li>salle d\u2019eau, WC, lave-linge, s\u00e8che-cheveux<\/li>\n<\/ul>\n\n\n\n<div class=\"wp-block-buttons is-layout-flex wp-block-buttons-is-layout-flex\">\n<div class=\"wp-block-button has-custom-font-size is-style-outline has-medium-font-size is-style-outline--2\"><a class=\"wp-block-button__link wp-element-button\"><strong><em>\u00e0 disposition<\/em><\/strong><\/a><\/div>\n<\/div>\n\n\n\n<ul class=\"wp-block-list\">\n<li>Box ferm\u00e9 pour 1 voiture  + place de Parking priv\u00e9e + local \u00e0 v\u00e9los<\/li>\n\n\n\n<li>2 v\u00e9los VTT en pr\u00eat (attestation d&rsquo;assurance \u00e0 fournir)<\/li>\n\n\n\n<li>Acc\u00e8s internet WIFI gratuit, cha\u00eene HiFi, TV<\/li>\n\n\n\n<li>Chaise, lit et baignoire pour b\u00e9b\u00e9<\/li>\n\n\n\n<li>N\u00e9cessaire de m\u00e9nage et repassage<\/li>\n\n\n\n<li>Parure de lit (drap de dessous, housse de couette, 4&nbsp;taies d\u2019oreiller)<\/li>\n\n\n\n<li>Linge de toilette (par personne : 1 drap de bain, 1 serviette de toilette, 1 gant)<\/li>\n\n\n\n<li>plancha<\/li>\n<\/ul>\n\n\n\n<div class=\"wp-block-buttons is-layout-flex wp-block-buttons-is-layout-flex\">\n<div class=\"wp-block-button has-custom-font-size is-style-outline has-medium-font-size is-style-outline--3\"><a class=\"wp-block-button__link has-white-background-color has-background wp-element-button\"><strong><em>tout est compris<\/em><\/strong><\/a><\/div>\n<\/div>\n\n\n\n<ul class=\"wp-block-list\">\n<li style=\"font-size:16px\">Nous fournissons les produits m\u00e9nagers de base pour l\u2019entretien pendant votre s\u00e9jour et nous vous demandons de rendre la maison parfaitement propre et rang\u00e9e, \u00e0 d\u00e9faut la caution m\u00e9nage de 80 euros sera retenue.<\/li>\n\n\n\n<li style=\"font-size:16px\">Pour ceux qui le souhaitent, une prestation m\u00e9nage fin de s\u00e9jour est propos\u00e9e pour 80 euros, merci de penser \u00e0 la r\u00e9server \u00e0 votre arriv\u00e9e.<\/li>\n\n\n\n<li style=\"font-size:16px\">Le tarif est tout compris (sauf la consommation d\u2019\u00e9lectricit\u00e9 du 01\/10 au 30\/04).<\/li>\n\n\n\n<li style=\"font-size:16px\">La taxe de s\u00e9jour est offerte.<\/li>\n<\/ul>\n\n\n<p class=\"fonts-plugin-block \" style=\"font-family: calibri;font-weight: normal;font-size: 17px;line-height: 1.2\"><\/p>\n\n\n<div class=\"wp-block-buttons is-layout-flex wp-block-buttons-is-layout-flex\">\n<div class=\"wp-block-button has-custom-font-size is-style-outline has-medium-font-size is-style-outline--4\"><a class=\"wp-block-button__link has-white-background-color has-background wp-element-button\"><strong><em>animaux non admis<\/em><\/strong><\/a><\/div>\n<\/div>\n\n\n\nngg_shortcode_0_placeholder\n\n\n\n<p><\/p>\n","protected":false},"excerpt":{"rendered":"<p>pr\u00e8s de plages magnifiquesau lieu-dit Les Huttes\u00e0 350 m du bord de mer Meubl\u00e9 de Tourisme Class\u00e9 4****D\u00e9co soign\u00e9e, pour 2 personnesCh\u00e8ques Vacances accept\u00e9sacc\u00e8s Internet WIFI Chargement en cours&#8230; Descriptif de la Maison :<\/p>\n","protected":false},"author":1,"featured_media":0,"parent":0,"menu_order":1,"comment_status":"closed","ping_status":"closed","template":"onecolumn-page.php","meta":{"om_disable_all_campaigns":false,"_uf_show_specific_survey":0,"_uf_disable_surveys":false,"ngg_post_thumbnail":0,"footnotes":""},"class_list":["post-48","page","type-page","status-publish","hentry"],"aioseo_notices":[],"_links":{"self":[{"href":"https:\/\/location-ile-oleron.com\/index.php\/wp-json\/wp\/v2\/pages\/48","targetHints":{"allow":["GET"]}}],"collection":[{"href":"https:\/\/location-ile-oleron.com\/index.php\/wp-json\/wp\/v2\/pages"}],"about":[{"href":"https:\/\/location-ile-oleron.com\/index.php\/wp-json\/wp\/v2\/types\/page"}],"author":[{"embeddable":true,"href":"https:\/\/location-ile-oleron.com\/index.php\/wp-json\/wp\/v2\/users\/1"}],"replies":[{"embeddable":true,"href":"https:\/\/location-ile-oleron.com\/index.php\/wp-json\/wp\/v2\/comments?post=48"}],"version-history":[{"count":159,"href":"https:\/\/location-ile-oleron.com\/index.php\/wp-json\/wp\/v2\/pages\/48\/revisions"}],"predecessor-version":[{"id":2251,"href":"https:\/\/location-ile-oleron.com\/index.php\/wp-json\/wp\/v2\/pages\/48\/revisions\/2251"}],"wp:attachment":[{"href":"https:\/\/location-ile-oleron.com\/index.php\/wp-json\/wp\/v2\/media?parent=48"}],"curies":[{"name":"wp","href":"https:\/\/api.w.org\/{rel}","templated":true}]}}